{"id":34,"date":"2025-02-08T11:11:53","date_gmt":"2025-02-08T10:11:53","guid":{"rendered":"https:\/\/vincentterrien.com\/?page_id=34"},"modified":"2026-02-07T09:24:06","modified_gmt":"2026-02-07T08:24:06","slug":"mentions-legales","status":"publish","type":"page","link":"https:\/\/vincentterrien.com\/?page_id=34","title":{"rendered":"Mentions l\u00e9gales"},"content":{"rendered":"\n<p><a href=\"https:\/\/vincentterrien.com\">Retour \u00e0 l&rsquo;accueil<\/a><\/p>\n\n\n\n<p>Mentions l\u00e9gales<br>En vigueur au 08\/01\/2026<\/p>\n\n\n\n<p>Conform\u00e9ment aux dispositions des Articles 6-III et 19 de la Loi n\u00b02004-575 du 21 juin 2004 pour la Confiance dans l\u2019\u00e9conomie num\u00e9rique, dite L.C.E.N., il est port\u00e9 \u00e0 la connaissance des utilisateurs et visiteurs, ci-apr\u00e8s l&nbsp;\u00bb&nbsp;\u00bbUtilisateur&nbsp;\u00bb, du site https:\/\/vincentterrien.com\/ , ci-apr\u00e8s le \u00ab&nbsp;Site&nbsp;\u00bb, les pr\u00e9sentes mentions l\u00e9gales.<\/p>\n\n\n\n<p>La connexion et la navigation sur le Site par l\u2019Utilisateur implique acceptation int\u00e9grale et sans r\u00e9serve des pr\u00e9sentes mentions l\u00e9gales.<\/p>\n\n\n\n<p>Ces derni\u00e8res sont accessibles sur le Site \u00e0 la rubrique \u00ab Mentions l\u00e9gales \u00bb.<\/p>\n\n\n\n<p>ARTICLE 1 \u2013 L\u2019EDITEUR<\/p>\n\n\n\n<p>L\u2019\u00e9dition et la direction de la publication du Site sont assur\u00e9es par M.Vincent Terrien, domicili\u00e9 \u00e0 Paris, dont l\u2019adresse e-mail: vinter(arobase)gmx.fr<\/p>\n\n\n\n<p>ci-apr\u00e8s l&rsquo;&nbsp;\u00bbEditeur&nbsp;\u00bb.<\/p>\n\n\n\n<p>ARTICLE 2 \u2013 L\u2019HEBERGEUR<\/p>\n\n\n\n<p>L\u2019h\u00e9bergeur du Site est la soci\u00e9t\u00e9 OVH<\/p>\n\n\n\n<p>ARTICLE 3 \u2013 ACCES AU SITE<\/p>\n\n\n\n<p>Le Site est accessible en tout endroit, 7j\/7, 24h\/24 sauf cas de force majeure, interruption programm\u00e9e ou non et pouvant d\u00e9coulant d\u2019une n\u00e9cessit\u00e9 de maintenance.<\/p>\n\n\n\n<p>En cas de modification, interruption ou suspension du Site, l\u2019Editeur ne saurait \u00eatre tenu responsable.<\/p>\n\n\n\n<p>ARTICLE 4 \u2013 COLLECTE DES DONNEES<\/p>\n\n\n\n<p>Le Site assure \u00e0 l\u2019Utilisateur une collecte et un traitement d\u2019informations personnelles dans le respect de la vie priv\u00e9e conform\u00e9ment \u00e0 la loi n\u00b078-17 du 6 janvier 1978 relative \u00e0 l\u2019informatique, aux fichiers et aux libert\u00e9s.<\/p>\n\n\n\n<p>En vertu de la loi Informatique et Libert\u00e9s, en date du 6 janvier 1978, l\u2019Utilisateur dispose d\u2019un droit d\u2019acc\u00e8s, de rectification, de suppression et d\u2019opposition de ses donn\u00e9es personnelles. L\u2019Utilisateur exerce ce droit via le formulaire de contact.<\/p>\n\n\n\n<p>Toute utilisation, reproduction, diffusion, commercialisation, modification de toute ou partie du Site, sans autorisation de l\u2019Editeur est prohib\u00e9e et pourra entra\u00eener des actions et poursuites judiciaires telles que notamment pr\u00e9vues par le Code de la propri\u00e9t\u00e9 intellectuelle et le Code civil.<\/p>\n","protected":false},"excerpt":{"rendered":"<p>Retour \u00e0 l&rsquo;accueil Mentions l\u00e9galesEn vigueur au 08\/01\/2026 Conform\u00e9ment aux dispositions des Articles 6-III et 19 de la Loi n\u00b02004-575 du 21 juin 2004 pour la Confiance dans l\u2019\u00e9conomie num\u00e9rique, dite L.C.E.N., il est port\u00e9 \u00e0 la connaissance des utilisateurs et visiteurs, ci-apr\u00e8s l&nbsp;\u00bb&nbsp;\u00bbUtilisateur&nbsp;\u00bb, du site https:\/\/vincentterrien.com\/ , ci-apr\u00e8s le \u00ab&nbsp;Site&nbsp;\u00bb, les pr\u00e9sentes mentions l\u00e9gales. [&hellip;]<\/p>\n","protected":false},"author":1,"featured_media":0,"parent":0,"menu_order":0,"comment_status":"closed","ping_status":"closed","template":"","meta":{"footnotes":""},"class_list":["post-34","page","type-page","status-publish","hentry"],"yoast_head":"<!-- This site is optimized with the Yoast SEO plugin v24.4 - https:\/\/yoast.com\/wordpress\/plugins\/seo\/ -->\n<title>Mentions l\u00e9gales - 2026 Vincent Terrien<\/title>\n<meta name=\"robots\" content=\"index, follow, max-snippet:-1, max-image-preview:large, max-video-preview:-1\" \/>\n<link rel=\"canonical\" href=\"https:\/\/vincentterrien.com\/?page_id=34\" \/>\n<meta property=\"og:locale\" content=\"fr_FR\" \/>\n<meta property=\"og:type\" content=\"article\" \/>\n<meta property=\"og:title\" content=\"Mentions l\u00e9gales - 2026 Vincent Terrien\" \/>\n<meta property=\"og:description\" content=\"Retour \u00e0 l&rsquo;accueil Mentions l\u00e9galesEn vigueur au 08\/01\/2026 Conform\u00e9ment aux dispositions des Articles 6-III et 19 de la Loi n\u00b02004-575 du 21 juin 2004 pour la Confiance dans l\u2019\u00e9conomie num\u00e9rique, dite L.C.E.N., il est port\u00e9 \u00e0 la connaissance des utilisateurs et visiteurs, ci-apr\u00e8s l&nbsp;\u00bb&nbsp;\u00bbUtilisateur&nbsp;\u00bb, du site https:\/\/vincentterrien.com\/ , ci-apr\u00e8s le \u00ab&nbsp;Site&nbsp;\u00bb, les pr\u00e9sentes mentions l\u00e9gales. [&hellip;]\" \/>\n<meta property=\"og:url\" content=\"https:\/\/vincentterrien.com\/?page_id=34\" \/>\n<meta property=\"og:site_name\" content=\"2026 Vincent Terrien\" \/>\n<meta property=\"article:modified_time\" content=\"2026-02-07T08:24:06+00:00\" \/>\n<meta name=\"twitter:card\" content=\"summary_large_image\" \/>\n<meta name=\"twitter:label1\" content=\"Dur\u00e9e de lecture estim\u00e9e\" \/>\n\t<meta name=\"twitter:data1\" content=\"2 minutes\" \/>\n<script type=\"application\/ld+json\" class=\"yoast-schema-graph\">{\"@context\":\"https:\/\/schema.org\",\"@graph\":[{\"@type\":\"WebPage\",\"@id\":\"https:\/\/vincentterrien.com\/?page_id=34\",\"url\":\"https:\/\/vincentterrien.com\/?page_id=34\",\"name\":\"Mentions l\u00e9gales - 2026 Vincent Terrien\",\"isPartOf\":{\"@id\":\"https:\/\/vincentterrien.com\/#website\"},\"datePublished\":\"2025-02-08T10:11:53+00:00\",\"dateModified\":\"2026-02-07T08:24:06+00:00\",\"breadcrumb\":{\"@id\":\"https:\/\/vincentterrien.com\/?page_id=34#breadcrumb\"},\"inLanguage\":\"fr-FR\",\"potentialAction\":[{\"@type\":\"ReadAction\",\"target\":[\"https:\/\/vincentterrien.com\/?page_id=34\"]}]},{\"@type\":\"BreadcrumbList\",\"@id\":\"https:\/\/vincentterrien.com\/?page_id=34#breadcrumb\",\"itemListElement\":[{\"@type\":\"ListItem\",\"position\":1,\"name\":\"Accueil\",\"item\":\"https:\/\/vincentterrien.com\/\"},{\"@type\":\"ListItem\",\"position\":2,\"name\":\"Mentions l\u00e9gales\"}]},{\"@type\":\"WebSite\",\"@id\":\"https:\/\/vincentterrien.com\/#website\",\"url\":\"https:\/\/vincentterrien.com\/\",\"name\":\"Vincent Terrien Auteur\",\"description\":\"Auteur du livre, Vis sans crainte, c\u2019est encore mieux apr\u00e8s. L\u2019exp\u00e9rience d\u2019un homme cart\u00e9sien guid\u00e9 par son p\u00e8re depuis l\u2019au-del\u00e0.\",\"publisher\":{\"@id\":\"https:\/\/vincentterrien.com\/#organization\"},\"potentialAction\":[{\"@type\":\"SearchAction\",\"target\":{\"@type\":\"EntryPoint\",\"urlTemplate\":\"https:\/\/vincentterrien.com\/?s={search_term_string}\"},\"query-input\":{\"@type\":\"PropertyValueSpecification\",\"valueRequired\":true,\"valueName\":\"search_term_string\"}}],\"inLanguage\":\"fr-FR\"},{\"@type\":\"Organization\",\"@id\":\"https:\/\/vincentterrien.com\/#organization\",\"name\":\"Vincent Terrien Auteur\",\"url\":\"https:\/\/vincentterrien.com\/\",\"logo\":{\"@type\":\"ImageObject\",\"inLanguage\":\"fr-FR\",\"@id\":\"https:\/\/vincentterrien.com\/#\/schema\/logo\/image\/\",\"url\":\"https:\/\/vincentterrien.com\/wp-content\/uploads\/2025\/02\/cropped-Capture-decran-2025-02-08-a-11.51.00.png\",\"contentUrl\":\"https:\/\/vincentterrien.com\/wp-content\/uploads\/2025\/02\/cropped-Capture-decran-2025-02-08-a-11.51.00.png\",\"width\":512,\"height\":512,\"caption\":\"Vincent Terrien Auteur\"},\"image\":{\"@id\":\"https:\/\/vincentterrien.com\/#\/schema\/logo\/image\/\"},\"sameAs\":[\"https:\/\/www.instagram.com\/vinceterr\"]}]}<\/script>\n<!-- \/ Yoast SEO plugin. -->","yoast_head_json":{"title":"Mentions l\u00e9gales - 2026 Vincent Terrien","robots":{"index":"index","follow":"follow","max-snippet":"max-snippet:-1","max-image-preview":"max-image-preview:large","max-video-preview":"max-video-preview:-1"},"canonical":"https:\/\/vincentterrien.com\/?page_id=34","og_locale":"fr_FR","og_type":"article","og_title":"Mentions l\u00e9gales - 2026 Vincent Terrien","og_description":"Retour \u00e0 l&rsquo;accueil Mentions l\u00e9galesEn vigueur au 08\/01\/2026 Conform\u00e9ment aux dispositions des Articles 6-III et 19 de la Loi n\u00b02004-575 du 21 juin 2004 pour la Confiance dans l\u2019\u00e9conomie num\u00e9rique, dite L.C.E.N., il est port\u00e9 \u00e0 la connaissance des utilisateurs et visiteurs, ci-apr\u00e8s l&nbsp;\u00bb&nbsp;\u00bbUtilisateur&nbsp;\u00bb, du site https:\/\/vincentterrien.com\/ , ci-apr\u00e8s le \u00ab&nbsp;Site&nbsp;\u00bb, les pr\u00e9sentes mentions l\u00e9gales. [&hellip;]","og_url":"https:\/\/vincentterrien.com\/?page_id=34","og_site_name":"2026 Vincent Terrien","article_modified_time":"2026-02-07T08:24:06+00:00","twitter_card":"summary_large_image","twitter_misc":{"Dur\u00e9e de lecture estim\u00e9e":"2 minutes"},"schema":{"@context":"https:\/\/schema.org","@graph":[{"@type":"WebPage","@id":"https:\/\/vincentterrien.com\/?page_id=34","url":"https:\/\/vincentterrien.com\/?page_id=34","name":"Mentions l\u00e9gales - 2026 Vincent Terrien","isPartOf":{"@id":"https:\/\/vincentterrien.com\/#website"},"datePublished":"2025-02-08T10:11:53+00:00","dateModified":"2026-02-07T08:24:06+00:00","breadcrumb":{"@id":"https:\/\/vincentterrien.com\/?page_id=34#breadcrumb"},"inLanguage":"fr-FR","potentialAction":[{"@type":"ReadAction","target":["https:\/\/vincentterrien.com\/?page_id=34"]}]},{"@type":"BreadcrumbList","@id":"https:\/\/vincentterrien.com\/?page_id=34#breadcrumb","itemListElement":[{"@type":"ListItem","position":1,"name":"Accueil","item":"https:\/\/vincentterrien.com\/"},{"@type":"ListItem","position":2,"name":"Mentions l\u00e9gales"}]},{"@type":"WebSite","@id":"https:\/\/vincentterrien.com\/#website","url":"https:\/\/vincentterrien.com\/","name":"Vincent Terrien Auteur","description":"Auteur du livre, Vis sans crainte, c\u2019est encore mieux apr\u00e8s. L\u2019exp\u00e9rience d\u2019un homme cart\u00e9sien guid\u00e9 par son p\u00e8re depuis l\u2019au-del\u00e0.","publisher":{"@id":"https:\/\/vincentterrien.com\/#organization"},"potentialAction":[{"@type":"SearchAction","target":{"@type":"EntryPoint","urlTemplate":"https:\/\/vincentterrien.com\/?s={search_term_string}"},"query-input":{"@type":"PropertyValueSpecification","valueRequired":true,"valueName":"search_term_string"}}],"inLanguage":"fr-FR"},{"@type":"Organization","@id":"https:\/\/vincentterrien.com\/#organization","name":"Vincent Terrien Auteur","url":"https:\/\/vincentterrien.com\/","logo":{"@type":"ImageObject","inLanguage":"fr-FR","@id":"https:\/\/vincentterrien.com\/#\/schema\/logo\/image\/","url":"https:\/\/vincentterrien.com\/wp-content\/uploads\/2025\/02\/cropped-Capture-decran-2025-02-08-a-11.51.00.png","contentUrl":"https:\/\/vincentterrien.com\/wp-content\/uploads\/2025\/02\/cropped-Capture-decran-2025-02-08-a-11.51.00.png","width":512,"height":512,"caption":"Vincent Terrien Auteur"},"image":{"@id":"https:\/\/vincentterrien.com\/#\/schema\/logo\/image\/"},"sameAs":["https:\/\/www.instagram.com\/vinceterr"]}]}},"_links":{"self":[{"href":"https:\/\/vincentterrien.com\/index.php?rest_route=\/wp\/v2\/pages\/34","targetHints":{"allow":["GET"]}}],"collection":[{"href":"https:\/\/vincentterrien.com\/index.php?rest_route=\/wp\/v2\/pages"}],"about":[{"href":"https:\/\/vincentterrien.com\/index.php?rest_route=\/wp\/v2\/types\/page"}],"author":[{"embeddable":true,"href":"https:\/\/vincentterrien.com\/index.php?rest_route=\/wp\/v2\/users\/1"}],"replies":[{"embeddable":true,"href":"https:\/\/vincentterrien.com\/index.php?rest_route=%2Fwp%2Fv2%2Fcomments&post=34"}],"version-history":[{"count":8,"href":"https:\/\/vincentterrien.com\/index.php?rest_route=\/wp\/v2\/pages\/34\/revisions"}],"predecessor-version":[{"id":115,"href":"https:\/\/vincentterrien.com\/index.php?rest_route=\/wp\/v2\/pages\/34\/revisions\/115"}],"wp:attachment":[{"href":"https:\/\/vincentterrien.com\/index.php?rest_route=%2Fwp%2Fv2%2Fmedia&parent=34"}],"curies":[{"name":"wp","href":"https:\/\/api.w.org\/{rel}","templated":true}]}}