{"id":27,"date":"2025-02-08T10:57:23","date_gmt":"2025-02-08T09:57:23","guid":{"rendered":"https:\/\/vincentterrien.com\/?page_id=27"},"modified":"2025-02-08T11:56:07","modified_gmt":"2025-02-08T10:56:07","slug":"contact","status":"publish","type":"page","link":"https:\/\/vincentterrien.com\/?page_id=27","title":{"rendered":"Contact"},"content":{"rendered":"\n<p><a href=\"https:\/\/vincentterrien.com\">Retour \u00e0 l&rsquo;accueil<\/a><\/p>\n\n\n\n<div class=\"forminator-guttenberg\"><div class=\"forminator-ui forminator-custom-form forminator-custom-form-48 forminator-design--default  forminator_ajax\" data-forminator-render=\"0\" data-form=\"forminator-module-48\" data-uid=\"69e23243ceade\"><br\/><\/div><form\n\t\t\t\tid=\"forminator-module-48\"\n\t\t\t\tclass=\"forminator-ui forminator-custom-form forminator-custom-form-48 forminator-design--default  forminator_ajax\"\n\t\t\t\tmethod=\"post\"\n\t\t\t\tdata-forminator-render=\"0\"\n\t\t\t\tdata-form-id=\"48\"\n\t\t\t\t\n\t\t\t\tdata-design=\"default\"\n\t\t\t\t\n\t\t\t\t\n\t\t\t\t\n\t\t\t\tdata-grid=\"open\"\n\t\t\t\t\n\t\t\t\t\n\t\t\t\tstyle=\"display: none;\"\n\t\t\t\t\n\t\t\t\tdata-uid=\"69e23243ceade\"\n\t\t\t><div role=\"alert\" aria-live=\"polite\" class=\"forminator-response-message forminator-error\" aria-hidden=\"true\"><\/div><div class=\"forminator-row\"><div id=\"name-1\" class=\"forminator-field-name forminator-col forminator-col-6 \"><div class=\"forminator-field\"><label for=\"forminator-field-name-1_69e23243ceade\" id=\"forminator-field-name-1_69e23243ceade-label\" class=\"forminator-label\">Pr\u00e9nom <span class=\"forminator-required\">*<\/span><\/label><input type=\"text\" name=\"name-1\" value=\"\" placeholder=\"Par exemple\u00a0: Jean\" id=\"forminator-field-name-1_69e23243ceade\" class=\"forminator-input forminator-name--field\" aria-required=\"true\" \/><\/div><\/div><div id=\"name-2\" class=\"forminator-field-name forminator-col forminator-col-6 \"><div class=\"forminator-field\"><label for=\"forminator-field-name-2_69e23243ceade\" id=\"forminator-field-name-2_69e23243ceade-label\" class=\"forminator-label\">Nom <span class=\"forminator-required\">*<\/span><\/label><input type=\"text\" name=\"name-2\" value=\"\" placeholder=\"Par exemple\u00a0: Jacques Martin\" id=\"forminator-field-name-2_69e23243ceade\" class=\"forminator-input forminator-name--field\" aria-required=\"true\" \/><\/div><\/div><\/div><div class=\"forminator-row\"><div id=\"email-1\" class=\"forminator-field-email forminator-col forminator-col-12 \"><div class=\"forminator-field\"><label for=\"forminator-field-email-1_69e23243ceade\" id=\"forminator-field-email-1_69e23243ceade-label\" class=\"forminator-label\">Adresse de messagerie <span class=\"forminator-required\">*<\/span><\/label><input type=\"email\" name=\"email-1\" value=\"\" placeholder=\"Par exemple\u00a0: jacques@martin.com\" id=\"forminator-field-email-1_69e23243ceade\" class=\"forminator-input forminator-email--field\" data-required=\"true\" aria-required=\"true\" \/><\/div><\/div><\/div><div class=\"forminator-row\"><div id=\"phone-1\" class=\"forminator-field-phone forminator-col forminator-col-12 \"><div class=\"forminator-field\"><label for=\"forminator-field-phone-1_69e23243ceade\" id=\"forminator-field-phone-1_69e23243ceade-label\" class=\"forminator-label\">Num\u00e9ro de t\u00e9l\u00e9phone<\/label><input type=\"text\" name=\"phone-1\" value=\"\" placeholder=\"Par exemple\u00a0: +1 02 03 04 05\" id=\"forminator-field-phone-1_69e23243ceade\" class=\"forminator-input forminator-field--phone\" data-required=\"\" aria-required=\"false\" autocomplete=\"off\" \/><\/div><\/div><\/div><div class=\"forminator-row\"><div id=\"text-1\" class=\"forminator-field-text forminator-col forminator-col-12 \"><div class=\"forminator-field\"><label for=\"forminator-field-text-1_69e23243ceade\" id=\"forminator-field-text-1_69e23243ceade-label\" class=\"forminator-label\">Titre<\/label><input type=\"text\" name=\"text-1\" value=\"\" placeholder=\"Par exemple\u00a0: texte indicatif\" id=\"forminator-field-text-1_69e23243ceade\" class=\"forminator-input forminator-name--field\" data-required=\"\" \/><\/div><\/div><\/div><div class=\"forminator-row\"><div id=\"textarea-1\" class=\"forminator-field-textarea forminator-col forminator-col-12 \"><div class=\"forminator-field\"><label for=\"forminator-field-textarea-1_69e23243ceade\" id=\"forminator-field-textarea-1_69e23243ceade-label\" class=\"forminator-label\">Message<\/label><textarea name=\"textarea-1\" placeholder=\"Saisissez votre message\u2026\" id=\"forminator-field-textarea-1_69e23243ceade\" class=\"forminator-textarea\" rows=\"6\" style=\"min-height:140px;\" maxlength=\"180\" ><\/textarea><span id=\"forminator-field-textarea-1_69e23243ceade-description\" class=\"forminator-description\"><span data-limit=\"180\" data-type=\"characters\" data-editor=\"\">0 \/ 180<\/span><\/span><\/div><\/div><\/div><input type=\"hidden\" name=\"referer_url\" value=\"\" \/><div class=\"forminator-row forminator-row-last\"><div class=\"forminator-col\"><div class=\"forminator-field\"><button class=\"forminator-button forminator-button-submit\">Envoyer le message<\/button><\/div><\/div><\/div><input type=\"hidden\" id=\"forminator_nonce\" name=\"forminator_nonce\" value=\"ed85b2ae73\" \/><input type=\"hidden\" name=\"_wp_http_referer\" value=\"\/index.php?rest_route=%2Fwp%2Fv2%2Fpages%2F27\" \/><input type=\"hidden\" name=\"form_id\" value=\"48\"><input type=\"hidden\" name=\"page_id\" value=\"27\"><input type=\"hidden\" name=\"form_type\" value=\"default\"><input type=\"hidden\" name=\"current_url\" value=\"https:\/\/vincentterrien.com\/?page_id=27\"><input type=\"hidden\" name=\"render_id\" value=\"0\"><input type=\"hidden\" name=\"action\" value=\"forminator_submit_form_custom-forms\"><\/form><\/div>\n\n\n\n<p><\/p>\n","protected":false},"excerpt":{"rendered":"<p>Retour \u00e0 l&rsquo;accueil<\/p>\n","protected":false},"author":1,"featured_media":0,"parent":0,"menu_order":0,"comment_status":"closed","ping_status":"closed","template":"","meta":{"footnotes":""},"class_list":["post-27","page","type-page","status-publish","hentry"],"yoast_head":"<!-- This site is optimized with the Yoast SEO plugin v24.4 - https:\/\/yoast.com\/wordpress\/plugins\/seo\/ -->\n<title>Contact - 2026 Vincent Terrien<\/title>\n<meta name=\"robots\" content=\"index, follow, max-snippet:-1, max-image-preview:large, max-video-preview:-1\" \/>\n<link rel=\"canonical\" href=\"https:\/\/vincentterrien.com\/?page_id=27\" \/>\n<meta property=\"og:locale\" content=\"fr_FR\" \/>\n<meta property=\"og:type\" content=\"article\" \/>\n<meta property=\"og:title\" content=\"Contact - 2026 Vincent Terrien\" \/>\n<meta property=\"og:description\" content=\"Retour \u00e0 l&rsquo;accueil\" \/>\n<meta property=\"og:url\" content=\"https:\/\/vincentterrien.com\/?page_id=27\" \/>\n<meta property=\"og:site_name\" content=\"2026 Vincent Terrien\" \/>\n<meta property=\"article:modified_time\" content=\"2025-02-08T10:56:07+00:00\" \/>\n<meta name=\"twitter:card\" content=\"summary_large_image\" \/>\n<script type=\"application\/ld+json\" class=\"yoast-schema-graph\">{\"@context\":\"https:\/\/schema.org\",\"@graph\":[{\"@type\":\"WebPage\",\"@id\":\"https:\/\/vincentterrien.com\/?page_id=27\",\"url\":\"https:\/\/vincentterrien.com\/?page_id=27\",\"name\":\"Contact - 2026 Vincent Terrien\",\"isPartOf\":{\"@id\":\"https:\/\/vincentterrien.com\/#website\"},\"datePublished\":\"2025-02-08T09:57:23+00:00\",\"dateModified\":\"2025-02-08T10:56:07+00:00\",\"breadcrumb\":{\"@id\":\"https:\/\/vincentterrien.com\/?page_id=27#breadcrumb\"},\"inLanguage\":\"fr-FR\",\"potentialAction\":[{\"@type\":\"ReadAction\",\"target\":[\"https:\/\/vincentterrien.com\/?page_id=27\"]}]},{\"@type\":\"BreadcrumbList\",\"@id\":\"https:\/\/vincentterrien.com\/?page_id=27#breadcrumb\",\"itemListElement\":[{\"@type\":\"ListItem\",\"position\":1,\"name\":\"Accueil\",\"item\":\"https:\/\/vincentterrien.com\/\"},{\"@type\":\"ListItem\",\"position\":2,\"name\":\"Contact\"}]},{\"@type\":\"WebSite\",\"@id\":\"https:\/\/vincentterrien.com\/#website\",\"url\":\"https:\/\/vincentterrien.com\/\",\"name\":\"Vincent Terrien Auteur\",\"description\":\"Auteur du livre, Vis sans crainte, c\u2019est encore mieux apr\u00e8s. L\u2019exp\u00e9rience d\u2019un homme cart\u00e9sien guid\u00e9 par son p\u00e8re depuis l\u2019au-del\u00e0.\",\"publisher\":{\"@id\":\"https:\/\/vincentterrien.com\/#organization\"},\"potentialAction\":[{\"@type\":\"SearchAction\",\"target\":{\"@type\":\"EntryPoint\",\"urlTemplate\":\"https:\/\/vincentterrien.com\/?s={search_term_string}\"},\"query-input\":{\"@type\":\"PropertyValueSpecification\",\"valueRequired\":true,\"valueName\":\"search_term_string\"}}],\"inLanguage\":\"fr-FR\"},{\"@type\":\"Organization\",\"@id\":\"https:\/\/vincentterrien.com\/#organization\",\"name\":\"Vincent Terrien Auteur\",\"url\":\"https:\/\/vincentterrien.com\/\",\"logo\":{\"@type\":\"ImageObject\",\"inLanguage\":\"fr-FR\",\"@id\":\"https:\/\/vincentterrien.com\/#\/schema\/logo\/image\/\",\"url\":\"https:\/\/vincentterrien.com\/wp-content\/uploads\/2025\/02\/cropped-Capture-decran-2025-02-08-a-11.51.00.png\",\"contentUrl\":\"https:\/\/vincentterrien.com\/wp-content\/uploads\/2025\/02\/cropped-Capture-decran-2025-02-08-a-11.51.00.png\",\"width\":512,\"height\":512,\"caption\":\"Vincent Terrien Auteur\"},\"image\":{\"@id\":\"https:\/\/vincentterrien.com\/#\/schema\/logo\/image\/\"},\"sameAs\":[\"https:\/\/www.instagram.com\/vinceterr\"]}]}<\/script>\n<!-- \/ Yoast SEO plugin. -->","yoast_head_json":{"title":"Contact - 2026 Vincent Terrien","robots":{"index":"index","follow":"follow","max-snippet":"max-snippet:-1","max-image-preview":"max-image-preview:large","max-video-preview":"max-video-preview:-1"},"canonical":"https:\/\/vincentterrien.com\/?page_id=27","og_locale":"fr_FR","og_type":"article","og_title":"Contact - 2026 Vincent Terrien","og_description":"Retour \u00e0 l&rsquo;accueil","og_url":"https:\/\/vincentterrien.com\/?page_id=27","og_site_name":"2026 Vincent Terrien","article_modified_time":"2025-02-08T10:56:07+00:00","twitter_card":"summary_large_image","schema":{"@context":"https:\/\/schema.org","@graph":[{"@type":"WebPage","@id":"https:\/\/vincentterrien.com\/?page_id=27","url":"https:\/\/vincentterrien.com\/?page_id=27","name":"Contact - 2026 Vincent Terrien","isPartOf":{"@id":"https:\/\/vincentterrien.com\/#website"},"datePublished":"2025-02-08T09:57:23+00:00","dateModified":"2025-02-08T10:56:07+00:00","breadcrumb":{"@id":"https:\/\/vincentterrien.com\/?page_id=27#breadcrumb"},"inLanguage":"fr-FR","potentialAction":[{"@type":"ReadAction","target":["https:\/\/vincentterrien.com\/?page_id=27"]}]},{"@type":"BreadcrumbList","@id":"https:\/\/vincentterrien.com\/?page_id=27#breadcrumb","itemListElement":[{"@type":"ListItem","position":1,"name":"Accueil","item":"https:\/\/vincentterrien.com\/"},{"@type":"ListItem","position":2,"name":"Contact"}]},{"@type":"WebSite","@id":"https:\/\/vincentterrien.com\/#website","url":"https:\/\/vincentterrien.com\/","name":"Vincent Terrien Auteur","description":"Auteur du livre, Vis sans crainte, c\u2019est encore mieux apr\u00e8s. L\u2019exp\u00e9rience d\u2019un homme cart\u00e9sien guid\u00e9 par son p\u00e8re depuis l\u2019au-del\u00e0.","publisher":{"@id":"https:\/\/vincentterrien.com\/#organization"},"potentialAction":[{"@type":"SearchAction","target":{"@type":"EntryPoint","urlTemplate":"https:\/\/vincentterrien.com\/?s={search_term_string}"},"query-input":{"@type":"PropertyValueSpecification","valueRequired":true,"valueName":"search_term_string"}}],"inLanguage":"fr-FR"},{"@type":"Organization","@id":"https:\/\/vincentterrien.com\/#organization","name":"Vincent Terrien Auteur","url":"https:\/\/vincentterrien.com\/","logo":{"@type":"ImageObject","inLanguage":"fr-FR","@id":"https:\/\/vincentterrien.com\/#\/schema\/logo\/image\/","url":"https:\/\/vincentterrien.com\/wp-content\/uploads\/2025\/02\/cropped-Capture-decran-2025-02-08-a-11.51.00.png","contentUrl":"https:\/\/vincentterrien.com\/wp-content\/uploads\/2025\/02\/cropped-Capture-decran-2025-02-08-a-11.51.00.png","width":512,"height":512,"caption":"Vincent Terrien Auteur"},"image":{"@id":"https:\/\/vincentterrien.com\/#\/schema\/logo\/image\/"},"sameAs":["https:\/\/www.instagram.com\/vinceterr"]}]}},"_links":{"self":[{"href":"https:\/\/vincentterrien.com\/index.php?rest_route=\/wp\/v2\/pages\/27","targetHints":{"allow":["GET"]}}],"collection":[{"href":"https:\/\/vincentterrien.com\/index.php?rest_route=\/wp\/v2\/pages"}],"about":[{"href":"https:\/\/vincentterrien.com\/index.php?rest_route=\/wp\/v2\/types\/page"}],"author":[{"embeddable":true,"href":"https:\/\/vincentterrien.com\/index.php?rest_route=\/wp\/v2\/users\/1"}],"replies":[{"embeddable":true,"href":"https:\/\/vincentterrien.com\/index.php?rest_route=%2Fwp%2Fv2%2Fcomments&post=27"}],"version-history":[{"count":5,"href":"https:\/\/vincentterrien.com\/index.php?rest_route=\/wp\/v2\/pages\/27\/revisions"}],"predecessor-version":[{"id":55,"href":"https:\/\/vincentterrien.com\/index.php?rest_route=\/wp\/v2\/pages\/27\/revisions\/55"}],"wp:attachment":[{"href":"https:\/\/vincentterrien.com\/index.php?rest_route=%2Fwp%2Fv2%2Fmedia&parent=27"}],"curies":[{"name":"wp","href":"https:\/\/api.w.org\/{rel}","templated":true}]}}